{"id":5195,"date":"2023-11-03T11:30:17","date_gmt":"2023-11-03T10:30:17","guid":{"rendered":"https:\/\/power-road.com\/vinci\/agence-routiere-des-pyrenees-tarbes-65-2022\/"},"modified":"2024-12-06T08:27:27","modified_gmt":"2024-12-06T07:27:27","slug":"agence-routiere-des-pyrenees-tarbes-65-2022","status":"publish","type":"page","link":"https:\/\/power-road.com\/de\/vinci\/agence-routiere-des-pyrenees-tarbes-65-2022\/","title":{"rendered":"Niederlassung Routi\u00e8re des Pyr\u00e9n\u00e9es, Tarbes (FR) \u2013 2022"},"content":{"rendered":"","protected":false},"excerpt":{"rendered":"","protected":false},"author":7,"featured_media":0,"parent":0,"menu_order":5,"comment_status":"closed","ping_status":"closed","template":"","meta":{"_acf_changed":false,"footnotes":""},"class_list":["post-5195","page","type-page","status-publish","hentry"],"acf":[],"_links":{"self":[{"href":"https:\/\/power-road.com\/de\/wp-json\/wp\/v2\/pages\/5195","targetHints":{"allow":["GET"]}}],"collection":[{"href":"https:\/\/power-road.com\/de\/wp-json\/wp\/v2\/pages"}],"about":[{"href":"https:\/\/power-road.com\/de\/wp-json\/wp\/v2\/types\/page"}],"author":[{"embeddable":true,"href":"https:\/\/power-road.com\/de\/wp-json\/wp\/v2\/users\/7"}],"replies":[{"embeddable":true,"href":"https:\/\/power-road.com\/de\/wp-json\/wp\/v2\/comments?post=5195"}],"version-history":[{"count":2,"href":"https:\/\/power-road.com\/de\/wp-json\/wp\/v2\/pages\/5195\/revisions"}],"predecessor-version":[{"id":5430,"href":"https:\/\/power-road.com\/de\/wp-json\/wp\/v2\/pages\/5195\/revisions\/5430"}],"wp:attachment":[{"href":"https:\/\/power-road.com\/de\/wp-json\/wp\/v2\/media?parent=5195"}],"curies":[{"name":"wp","href":"https:\/\/api.w.org\/{rel}","templated":true}]}}