{"id":5560,"date":"2023-09-29T16:12:42","date_gmt":"2023-09-29T14:12:42","guid":{"rendered":"https:\/\/power-road.com\/vinci\/syndicat-denergie-de-la-manche-agneaux-50\/"},"modified":"2025-02-18T16:37:01","modified_gmt":"2025-02-18T15:37:01","slug":"energii-syndicat-departemental-denergies-de-la-manche-agneaux-50","status":"publish","type":"page","link":"https:\/\/power-road.com\/pl\/vinci\/energii-syndicat-departemental-denergies-de-la-manche-agneaux-50\/","title":{"rendered":"Departamentalny Zwi\u0105zek ds. energii Syndicat d\u00e9partemental d&#8217;\u00e9nergies de la Manche, Agneaux (50) &#8211; 2023 r."},"content":{"rendered":"","protected":false},"excerpt":{"rendered":"","protected":false},"author":7,"featured_media":0,"parent":0,"menu_order":29,"comment_status":"closed","ping_status":"closed","template":"","meta":{"_acf_changed":false,"footnotes":""},"class_list":["post-5560","page","type-page","status-publish","hentry"],"acf":[],"_links":{"self":[{"href":"https:\/\/power-road.com\/pl\/wp-json\/wp\/v2\/pages\/5560","targetHints":{"allow":["GET"]}}],"collection":[{"href":"https:\/\/power-road.com\/pl\/wp-json\/wp\/v2\/pages"}],"about":[{"href":"https:\/\/power-road.com\/pl\/wp-json\/wp\/v2\/types\/page"}],"author":[{"embeddable":true,"href":"https:\/\/power-road.com\/pl\/wp-json\/wp\/v2\/users\/7"}],"replies":[{"embeddable":true,"href":"https:\/\/power-road.com\/pl\/wp-json\/wp\/v2\/comments?post=5560"}],"version-history":[{"count":2,"href":"https:\/\/power-road.com\/pl\/wp-json\/wp\/v2\/pages\/5560\/revisions"}],"predecessor-version":[{"id":5719,"href":"https:\/\/power-road.com\/pl\/wp-json\/wp\/v2\/pages\/5560\/revisions\/5719"}],"wp:attachment":[{"href":"https:\/\/power-road.com\/pl\/wp-json\/wp\/v2\/media?parent=5560"}],"curies":[{"name":"wp","href":"https:\/\/api.w.org\/{rel}","templated":true}]}}